{"id":793,"date":"2025-05-15T00:20:05","date_gmt":"2025-05-14T22:20:05","guid":{"rendered":"https:\/\/csosch.hu\/?page_id=793"},"modified":"2026-01-19T14:42:04","modified_gmt":"2026-01-19T13:42:04","slug":"elementor-793","status":"publish","type":"page","link":"https:\/\/csosch.hu\/?page_id=793","title":{"rendered":"Sz\u00e9chenyi Terv Plusz"},"content":{"rendered":"\t\t<div data-elementor-type=\"wp-page\" data-elementor-id=\"793\" class=\"elementor elementor-793\">\n\t\t\t\t\t\t\t\t\t<section class=\"elementor-section elementor-top-section elementor-element elementor-element-5c5f46f elementor-section-height-min-height elementor-section-items-top elementor-section-boxed elementor-section-height-default\" data-id=\"5c5f46f\" data-element_type=\"section\" data-settings=\"{&quot;background_background&quot;:&quot;classic&quot;,&quot;sticky&quot;:&quot;top&quot;,&quot;sticky_on&quot;:[&quot;desktop&quot;,&quot;tablet&quot;,&quot;mobile&quot;],&quot;sticky_offset&quot;:0,&quot;sticky_effects_offset&quot;:0}\">\n\t\t\t\t\t\t<div class=\"elementor-container elementor-column-gap-default\">\n\t\t\t\t\t<div class=\"elementor-column elementor-col-100 elementor-top-column elementor-element elementor-element-0eec514\" data-id=\"0eec514\" data-element_type=\"column\">\n\t\t\t<div class=\"elementor-widget-wrap elementor-element-populated\">\n\t\t\t\t\t\t\t\t<div class=\"elementor-element elementor-element-17d7618 elementor-widget elementor-widget-html\" data-id=\"17d7618\" data-element_type=\"widget\" data-widget_type=\"html.default\">\n\t\t\t\t<div class=\"elementor-widget-container\">\n\t\t\t<a href=\"\/\">\n    <div style=\"display: block;position: absolute;width: 240px;height: 80px;top: -40px;left: 80px;cursor: pointer;\">\n        \n    <\/div>\n<\/a>\t\t<\/div>\n\t\t\t\t<\/div>\n\t\t\t\t<div class=\"elementor-element elementor-element-2a5ac57 elementor-nav-menu__align-center elementor-nav-menu--dropdown-none elementor-nav-menu--indicator-none elementor-widget elementor-widget-nav-menu\" data-id=\"2a5ac57\" data-element_type=\"widget\" data-settings=\"{&quot;layout&quot;:&quot;horizontal&quot;}\" data-widget_type=\"nav-menu.default\">\n\t\t\t\t<div class=\"elementor-widget-container\">\n\t\t\t\t\t\t<nav role=\"navigation\" class=\"elementor-nav-menu--main elementor-nav-menu__container elementor-nav-menu--layout-horizontal e--pointer-text e--animation-none\"><ul id=\"menu-1-2a5ac57\" class=\"elementor-nav-menu\"><li class=\"menu-item menu-item-type-custom menu-item-object-custom menu-item-home menu-item-32\"><a href=\"https:\/\/csosch.hu#bemu\" class=\"elementor-item elementor-item-anchor\">Bemutatkoz\u00e1s<\/a><\/li>\n<li class=\"menu-item menu-item-type-custom menu-item-object-custom menu-item-home menu-item-34\"><a href=\"https:\/\/csosch.hu#rejt\" class=\"elementor-item elementor-item-anchor\">Rejtv\u00e9ny<\/a><\/li>\n<li class=\"menu-item menu-item-type-custom menu-item-object-custom menu-item-home menu-item-35\"><a href=\"https:\/\/csosch.hu#partner\" class=\"elementor-item elementor-item-anchor\">Partnereink<\/a><\/li>\n<li class=\"menu-item menu-item-type-custom menu-item-object-custom menu-item-home menu-item-739\"><a href=\"https:\/\/csosch.hu#cegadatok\" class=\"elementor-item elementor-item-anchor\">C\u00e9gadatok<\/a><\/li>\n<li class=\"menu-item menu-item-type-custom menu-item-object-custom menu-item-home menu-item-233\"><a href=\"https:\/\/csosch.hu#kapcs\" class=\"elementor-item elementor-item-anchor\">Kapcsolat<\/a><\/li>\n<\/ul><\/nav>\n\t\t\t\t\t<div class=\"elementor-menu-toggle\" role=\"button\" tabindex=\"0\" aria-label=\"Menu Toggle\" aria-expanded=\"false\">\n\t\t\t<i class=\"eicon-menu-bar\" aria-hidden=\"true\"><\/i>\n\t\t\t<span class=\"elementor-screen-only\">Menu<\/span>\n\t\t<\/div>\n\t\t\t<nav class=\"elementor-nav-menu--dropdown elementor-nav-menu__container\" role=\"navigation\" aria-hidden=\"true\"><ul id=\"menu-2-2a5ac57\" class=\"elementor-nav-menu\"><li class=\"menu-item menu-item-type-custom menu-item-object-custom menu-item-home menu-item-32\"><a href=\"https:\/\/csosch.hu#bemu\" class=\"elementor-item elementor-item-anchor\">Bemutatkoz\u00e1s<\/a><\/li>\n<li class=\"menu-item menu-item-type-custom menu-item-object-custom menu-item-home menu-item-34\"><a href=\"https:\/\/csosch.hu#rejt\" class=\"elementor-item elementor-item-anchor\">Rejtv\u00e9ny<\/a><\/li>\n<li class=\"menu-item menu-item-type-custom menu-item-object-custom menu-item-home menu-item-35\"><a href=\"https:\/\/csosch.hu#partner\" class=\"elementor-item elementor-item-anchor\">Partnereink<\/a><\/li>\n<li class=\"menu-item menu-item-type-custom menu-item-object-custom menu-item-home menu-item-739\"><a href=\"https:\/\/csosch.hu#cegadatok\" class=\"elementor-item elementor-item-anchor\">C\u00e9gadatok<\/a><\/li>\n<li class=\"menu-item menu-item-type-custom menu-item-object-custom menu-item-home menu-item-233\"><a href=\"https:\/\/csosch.hu#kapcs\" class=\"elementor-item elementor-item-anchor\">Kapcsolat<\/a><\/li>\n<\/ul><\/nav>\n\t\t\t\t<\/div>\n\t\t\t\t<\/div>\n\t\t\t\t<div class=\"elementor-element elementor-element-dca4209 elementor-widget__width-initial elementor-absolute elementor-widget elementor-widget-html\" data-id=\"dca4209\" data-element_type=\"widget\" data-settings=\"{&quot;_position&quot;:&quot;absolute&quot;}\" data-widget_type=\"html.default\">\n\t\t\t\t<div class=\"elementor-widget-container\">\n\t\t\t<script type='text\/javascript'>\n    <!--\/\/<![CDATA[\n    \/\/ a rekl\u00e1mot letiltjuk ha fut az elementor editor\n    if (!jQuery('body').hasClass(\"elementor-editor-active\")) {\n        var m3_u = (location.protocol=='https:'?'https:\/\/adserver.csosch.hu\/www\/delivery\/ajs.php':'http:\/\/adserver.csosch.hu\/www\/delivery\/ajs.php');\n        var m3_r = Math.floor(Math.random()*99999999999);\n        if (!document.MAX_used) document.MAX_used = ',';\n        document.write (\"<scr\"+\"ipt type='text\/javascript' src='\"+m3_u);\n        document.write (\"?zoneid=1\");\n        document.write ('&amp;cb=' + m3_r);\n        if (document.MAX_used != ',') document.write (\"&amp;exclude=\" + document.MAX_used);\n        document.write (document.charset ? '&amp;charset='+document.charset : (document.characterSet ? '&amp;charset='+document.characterSet : ''));\n        document.write (\"&amp;loc=\" + escape(window.location));\n        if (document.referrer) document.write (\"&amp;referer=\" + escape(document.referrer));\n        if (document.context) document.write (\"&context=\" + escape(document.context));\n        if (document.mmm_fo) document.write (\"&amp;mmm_fo=1\");\n        document.write (\"'><\\\/scr\"+\"ipt>\");\n    }\n    \/\/]]>-->\n<\/script>\n<noscript>\n    <a href='http:\/\/adserver.csosch.hu\/www\/delivery\/ck.php?n=a3461044&amp;cb=INSERT_RANDOM_NUMBER_HERE' target='_blank'><img src='http:\/\/adserver.csosch.hu\/www\/delivery\/avw.php?zoneid=1&amp;cb=INSERT_RANDOM_NUMBER_HERE&amp;n=a3461044' border='0' alt='' \/><\/a>\n<\/noscript>\n\t\t<\/div>\n\t\t\t\t<\/div>\n\t\t\t\t\t<\/div>\n\t\t<\/div>\n\t\t\t\t\t\t\t<\/div>\n\t\t<\/section>\n\t\t\t\t<section class=\"elementor-section elementor-top-section elementor-element elementor-element-ba3dfe4 elementor-section-boxed elementor-section-height-default elementor-section-height-default\" data-id=\"ba3dfe4\" data-element_type=\"section\">\n\t\t\t\t\t\t<div class=\"elementor-container elementor-column-gap-default\">\n\t\t\t\t\t<div class=\"elementor-column elementor-col-50 elementor-top-column elementor-element elementor-element-df5b78e\" data-id=\"df5b78e\" data-element_type=\"column\">\n\t\t\t<div class=\"elementor-widget-wrap elementor-element-populated\">\n\t\t\t\t\t\t\t\t<div class=\"elementor-element elementor-element-4856af8 elementor-widget__width-initial elementor-absolute elementor-widget elementor-widget-html\" data-id=\"4856af8\" data-element_type=\"widget\" data-settings=\"{&quot;_position&quot;:&quot;absolute&quot;}\" data-widget_type=\"html.default\">\n\t\t\t\t<div class=\"elementor-widget-container\">\n\t\t\t<div>\r\n  <ins data-revive-zoneid=\"23\" data-revive-block=\"1\" data-revive-blockcampaign=\"1\" data-revive-id=\"292e964ac15ea9ff9e01046540fc95b7\"><\/ins>\r\n  <script async src=\"\/\/adserver.csosch.hu\/www\/delivery\/asyncjs.php\"><\/script>\r\n<\/div>\t\t<\/div>\n\t\t\t\t<\/div>\n\t\t\t\t\t<\/div>\n\t\t<\/div>\n\t\t\t\t<div class=\"elementor-column elementor-col-50 elementor-top-column elementor-element elementor-element-778b9e6\" data-id=\"778b9e6\" data-element_type=\"column\">\n\t\t\t<div class=\"elementor-widget-wrap elementor-element-populated\">\n\t\t\t\t\t\t\t\t<div class=\"elementor-element elementor-element-6bb53b8 elementor-widget__width-initial elementor-absolute elementor-widget elementor-widget-html\" data-id=\"6bb53b8\" data-element_type=\"widget\" data-settings=\"{&quot;_position&quot;:&quot;absolute&quot;}\" data-widget_type=\"html.default\">\n\t\t\t\t<div class=\"elementor-widget-container\">\n\t\t\t<div>\r\n  <ins data-revive-zoneid=\"23\" data-revive-block=\"1\" data-revive-blockcampaign=\"1\" data-revive-id=\"292e964ac15ea9ff9e01046540fc95b7\"><\/ins>\r\n  <script async src=\"\/\/adserver.csosch.hu\/www\/delivery\/asyncjs.php\"><\/script>\r\n<\/div>\t\t<\/div>\n\t\t\t\t<\/div>\n\t\t\t\t\t<\/div>\n\t\t<\/div>\n\t\t\t\t\t\t\t<\/div>\n\t\t<\/section>\n\t\t\t\t<section class=\"elementor-section elementor-top-section elementor-element elementor-element-dd26d2e elementor-section-boxed elementor-section-height-default elementor-section-height-default\" data-id=\"dd26d2e\" data-element_type=\"section\" data-settings=\"{&quot;background_background&quot;:&quot;classic&quot;}\">\n\t\t\t\t\t\t<div class=\"elementor-container elementor-column-gap-no\">\n\t\t\t\t\t<div class=\"elementor-column elementor-col-100 elementor-top-column elementor-element elementor-element-f442351\" data-id=\"f442351\" data-element_type=\"column\">\n\t\t\t<div class=\"elementor-widget-wrap elementor-element-populated\">\n\t\t\t\t\t\t\t\t<section class=\"elementor-section elementor-inner-section elementor-element elementor-element-ad94c36 elementor-section-height-min-height elementor-section-boxed elementor-section-height-default\" data-id=\"ad94c36\" data-element_type=\"section\" data-settings=\"{&quot;background_background&quot;:&quot;classic&quot;}\">\n\t\t\t\t\t\t\t<div class=\"elementor-background-overlay\"><\/div>\n\t\t\t\t\t\t\t<div class=\"elementor-container elementor-column-gap-default\">\n\t\t\t\t\t<div class=\"elementor-column elementor-col-100 elementor-inner-column elementor-element elementor-element-319978d\" data-id=\"319978d\" data-element_type=\"column\">\n\t\t\t<div class=\"elementor-widget-wrap elementor-element-populated\">\n\t\t\t\t\t\t\t\t<div class=\"elementor-element elementor-element-3a6b342 elementor-widget__width-auto elementor-widget elementor-widget-image\" data-id=\"3a6b342\" data-element_type=\"widget\" data-widget_type=\"image.default\">\n\t\t\t\t<div class=\"elementor-widget-container\">\n\t\t\t\t\t\t\t\t\t\t\t\t\t\t\t<img loading=\"lazy\" decoding=\"async\" width=\"1102\" height=\"314\" src=\"https:\/\/csosch.hu\/wp-content\/uploads\/Szechenyi_Terv_Plusz_logo_1102x314.jpg\" class=\"attachment-full size-full\" alt=\"Sz\u00e9chenyi Terv Plusz\" srcset=\"https:\/\/csosch.hu\/wp-content\/uploads\/Szechenyi_Terv_Plusz_logo_1102x314.jpg 1102w, https:\/\/csosch.hu\/wp-content\/uploads\/Szechenyi_Terv_Plusz_logo_1102x314-300x85.jpg 300w, https:\/\/csosch.hu\/wp-content\/uploads\/Szechenyi_Terv_Plusz_logo_1102x314-1024x292.jpg 1024w, https:\/\/csosch.hu\/wp-content\/uploads\/Szechenyi_Terv_Plusz_logo_1102x314-768x219.jpg 768w\" sizes=\"auto, (max-width: 1102px) 100vw, 1102px\" \/>\t\t\t\t\t\t\t\t\t\t\t\t\t\t\t<\/div>\n\t\t\t\t<\/div>\n\t\t\t\t<div class=\"elementor-element elementor-element-13adc8a elementor-widget elementor-widget-text-editor\" data-id=\"13adc8a\" data-element_type=\"widget\" data-widget_type=\"text-editor.default\">\n\t\t\t\t<div class=\"elementor-widget-container\">\n\t\t\t\t\t\t\t<p>A <b>CSOSCH Lapszerkeszt\u0151 \u00e9s Rejtv\u00e9nyk\u00e9sz\u00edt\u0151 Kft.<\/b> (Kedvezm\u00e9nyezett) <b>20751\/36\/00077<\/b> sz\u00e1m\u00fa p\u00e1ly\u00e1zati projektje t\u00e1mogat\u00e1sban r\u00e9szes\u00fclt a <b>GINOP_Plusz-3.2.1-21<\/b> \u201eA munkav\u00e1llal\u00f3k \u00e9s v\u00e1llalatok alkalmazkod\u00f3k\u00e9pess\u00e9g\u00e9nek \u00e9s termel\u00e9kenys\u00e9g\u00e9nek jav\u00edt\u00e1sa a munkaer\u0151 fejleszt\u00e9s\u00e9n kereszt\u00fcl\u201d elnevez\u00e9s\u0171 munkaer\u0151piaci program keret\u00e9ben az Eur\u00f3pai Szoci\u00e1lis Alap+ \u00e9s Magyarorsz\u00e1g k\u00f6lts\u00e9gvet\u00e9se t\u00e1rsfinansz\u00edroz\u00e1sban, munkaer\u0151piaci alkalmazkod\u00e1s t\u00e1mogat\u00e1s jogc\u00edmen.<\/p>\n<p><b>A szerz\u0151d\u00f6tt t\u00e1mogat\u00e1s \u00f6sszege: <\/b>6&nbsp;730&nbsp;260 Ft<\/p>\n<p>A projekt keret\u00e9ben az al\u00e1bbi 4 k\u00e9pz\u00e9s ker\u00fcl megszervez\u00e9sre \u00e9s lebonyol\u00edt\u00e1sra:<\/p>\n<ol>\n<li>\n<p>k\u00e9pz\u00e9s: <b>AGORA METHOD 20<\/b> \u00f3r\u00e1s<\/p>\n<p>Id\u0151tartam: 2025.06.03. \u2013 2025.09.09.<\/p>\n<p>A k\u00e9pz\u00e9s sor\u00e1n a dolgoz\u00f3k t\u00e1mogat\u00e1st kapnak ahhoz, hogy szervezeti ismereteiket \u00e9s az elk\u00f6telez\u0151d\u00e9s\u00fck szintj\u00e9t emelj\u00e9k. A r\u00e9sztvev\u0151k megismerik a szervezeti \u00e9letciklusokat \u00e9s azok tipikus t\u00fcneteit, amelyek alapj\u00e1n felt\u00e1rul, hogy a szervezetben milyen t\u00fcnetek, hol \u00e9s hogyan jelentkeznek \u00e9s azokra milyen megold\u00e1sok, fejl\u0151d\u00e9si lehet\u0151s\u00e9gek vannak. Megvizsg\u00e1lj\u00e1k a szervezeti \u00e9rt\u00e9keket, azok funkci\u00f3j\u00e1t \u00e9s m\u0171k\u00f6d\u00e9s\u00fcket, \u00e9s hogy a szervezetn\u00e9l konkr\u00e9tan hogyan m\u0171k\u00f6dnek; dolgoz\u00f3i szinten hogyan van a mindennapokba implement\u00e1lva. Bemutat\u00e1sra ker\u00fcl a misszi\u00f3 \u00e9s v\u00edzi\u00f3 szerepe \u00e9s jelent\u0151s\u00e9ge a dolgoz\u00f3i el\u00e9gedetts\u00e9g szempontj\u00e1b\u00f3l, tov\u00e1bb\u00e1 a szervezeti kult\u00fara elemeinek \u00f6sszetev\u0151i \u00e9s jellemz\u0151i; \u00e9s az is, hogy hogyan t\u00e1mogatja jelenleg a szervezetet, mi az, amiben fontos a fejl\u0151d\u00e9s.<\/p>\n<\/li>\n<li>\n<p>k\u00e9pz\u00e9s: <b>Egy\u00e9ni eredm\u00e9nyess\u00e9g fejleszt\u00e9se<\/b><\/p>\n<p>Id\u0151tartam: 2025.03.11. \u2013 2025.05.06.<\/p>\n<p>A k\u00e9pz\u00e9s c\u00e9lja, hogy a r\u00e9sztvev\u0151k egy\u00e9ni eredm\u00e9nyess\u00e9ghez sz\u00fcks\u00e9ges kompetenci\u00e1k \u00e9s attit\u0171d (\u00f6nismeret, motiv\u00e1ci\u00f3 \u00e9s konfliktuskezel\u00e9s fejleszt\u00e9se). A gondolatok \u00e9s \u00e9rzelmek rendez\u00e9se \u00e9s tudatos szintre emel\u00e9se, melyek k\u00e9s\u0151bb determin\u00e1lj\u00e1k a viselked\u00e9st \u00e9s a kommunik\u00e1ci\u00f3t. A r\u00e9sztvev\u0151k k\u00e9pess\u00e9 v\u00e1llnak \u00f6nismeret\u00fck tudatosan fejleszt\u00e9s\u00e9re; a saj\u00e1t \u00e9s k\u00f6rnyezet\u00fck motiv\u00e1ci\u00f3inak meg\u00e9rt\u00e9s\u00e9re \u00e9s alak\u00edt\u00e1s\u00e1ra. Az egy\u00fcttm\u0171k\u00f6d\u00e9sek akad\u00e1lyainak felismer\u00e9s\u00e9re \u00e9s elh\u00e1r\u00edt\u00e1s\u00e1ra, valamint a konfliktusok professzion\u00e1lis kezel\u00e9s\u00e9re.<\/p>\n<\/li>\n<li>\n<p>k\u00e9pz\u00e9s: <b>Egy\u00fcttm\u0171k\u00f6d\u00e9s growthmindset alapon<\/b><\/p>\n<p>Id\u0151tartam: 2025.10.07. \u2013 2025.11.07.<\/p>\n<p>A k\u00e9pz\u00e9s c\u00e9lja, hogy a \u201efejl\u0151d\u0151 szeml\u00e9letm\u00f3d\u201d seg\u00edts\u00e9g\u00e9vel a k\u00fcl\u00f6nb\u00f6z\u0151 r\u00e9szter\u00fcleteken dolgoz\u00f3 munkat\u00e1rsak jobban megismerhess\u00e9k egym\u00e1st, ki\u00e9p\u00fclhessen k\u00f6z\u00f6tt\u00fck egyfajta bizalom. A m\u00f3dszer seg\u00edts\u00e9g\u00e9vel felt\u00e1r\u00e1sra ker\u00fclnek az egy\u00fcttm\u0171k\u00f6d\u00e9s akad\u00e1lyai \u00e9s er\u0151ss\u00e9gei, n\u0151het a felel\u0151ss\u00e9gv\u00e1llal\u00e1s, k\u00fcl\u00f6nb\u00f6z\u0151 szitu\u00e1ci\u00f3s gyakorlatok sor\u00e1n kider\u00fcl, hogyan tudnak a koll\u00e9g\u00e1k tudatosan kapcsol\u00f3dni egym\u00e1shoz \u00e9s nagyobb figyelemmel lenni egym\u00e1s ir\u00e1nt.<\/p>\n<\/li>\n<li>\n<p>k\u00e9pz\u00e9s: <b>IKT kompetenci\u00e1k fejleszt\u00e9s\u00e9re ir\u00e1nyul\u00f3 k\u00e9pz\u00e9s<\/b><\/p>\n<p>Id\u0151tartam: 2025.06.10. \u2013 2025.12.02.<\/p>\n<p>A k\u00e9pz\u00e9s c\u00e9lja: Alapvet\u0151 infokommunik\u00e1ci\u00f3s \u00e9s informatikai seg\u00edts\u00e9get ny\u00fajtani a r\u00e9sztvev\u0151knek, er\u0151s\u00edteni az IKT kompetenci\u00e1ikat. A k\u00e9pz\u00e9s a XXI. sz\u00e1zadi digit\u00e1lis technol\u00f3gi\u00e1k haszn\u00e1lat\u00e1hoz \u00e9s\/vagy alkalmaz\u00e1s\u00e1hoz sz\u00fcks\u00e9ges kompetenci\u00e1k megszerz\u00e9s\u00e9re, illetve fejleszt\u00e9s\u00e9re ir\u00e1nyul, napjaink inform\u00e1ci\u00f3s t\u00e1rsadalm\u00e1nak megfelel\u0151en on-line fel\u00fcleten \u00e9s IKT-n alapul\u00f3 szoftverek\/programok seg\u00edts\u00e9g\u00e9vel (pl. Teams, Zoom, Trello vagy Outlook stb.).<\/p>\n<\/li>\n<\/ol>\t\t\t\t\t\t<\/div>\n\t\t\t\t<\/div>\n\t\t\t\t\t<\/div>\n\t\t<\/div>\n\t\t\t\t\t\t\t<\/div>\n\t\t<\/section>\n\t\t\t\t\t<\/div>\n\t\t<\/div>\n\t\t\t\t\t\t\t<\/div>\n\t\t<\/section>\n\t\t\t\t<section class=\"elementor-section elementor-top-section elementor-element elementor-element-7f06855 elementor-section-height-min-height elementor-section-boxed elementor-section-height-default elementor-section-items-middle\" data-id=\"7f06855\" data-element_type=\"section\" data-settings=\"{&quot;background_background&quot;:&quot;classic&quot;,&quot;sticky&quot;:&quot;bottom&quot;,&quot;sticky_on&quot;:[&quot;desktop&quot;,&quot;tablet&quot;,&quot;mobile&quot;],&quot;sticky_offset&quot;:0,&quot;sticky_effects_offset&quot;:0}\">\n\t\t\t\t\t\t<div class=\"elementor-container elementor-column-gap-no\">\n\t\t\t\t\t<div class=\"elementor-column elementor-col-100 elementor-top-column elementor-element elementor-element-d6e42d9\" data-id=\"d6e42d9\" data-element_type=\"column\">\n\t\t\t<div class=\"elementor-widget-wrap elementor-element-populated\">\n\t\t\t\t\t\t\t\t<div class=\"elementor-element elementor-element-b5a2c69 elementor-widget__width-auto elementor-widget elementor-widget-image\" data-id=\"b5a2c69\" data-element_type=\"widget\" data-widget_type=\"image.default\">\n\t\t\t\t<div class=\"elementor-widget-container\">\n\t\t\t\t\t\t\t\t\t\t\t\t\t\t\t\t<a href=\"https:\/\/www.facebook.com\/kedvenc\" target=\"_blank\">\n\t\t\t\t\t\t\t<img loading=\"lazy\" decoding=\"async\" width=\"116\" height=\"116\" src=\"https:\/\/csosch.hu\/wp-content\/uploads\/facebook-icon-small-blue.png\" class=\"attachment-full size-full\" alt=\"\" \/>\t\t\t\t\t\t\t\t<\/a>\n\t\t\t\t\t\t\t\t\t\t\t\t\t\t\t<\/div>\n\t\t\t\t<\/div>\n\t\t\t\t<div class=\"elementor-element elementor-element-9a16a2b elementor-widget__width-auto elementor-widget elementor-widget-image\" data-id=\"9a16a2b\" data-element_type=\"widget\" data-widget_type=\"image.default\">\n\t\t\t\t<div class=\"elementor-widget-container\">\n\t\t\t\t\t\t\t\t\t\t\t\t\t\t\t\t<a href=\"https:\/\/www.kedvencwebaruhaz.hu\/\" target=\"_blank\">\n\t\t\t\t\t\t\t<img loading=\"lazy\" decoding=\"async\" width=\"116\" height=\"116\" src=\"https:\/\/csosch.hu\/wp-content\/uploads\/webshop-icon-small-blue.png\" class=\"attachment-full size-full\" alt=\"\" \/>\t\t\t\t\t\t\t\t<\/a>\n\t\t\t\t\t\t\t\t\t\t\t\t\t\t\t<\/div>\n\t\t\t\t<\/div>\n\t\t\t\t<div class=\"elementor-element elementor-element-32e9072 elementor-widget__width-auto elementor-widget elementor-widget-image\" data-id=\"32e9072\" data-element_type=\"widget\" data-widget_type=\"image.default\">\n\t\t\t\t<div class=\"elementor-widget-container\">\n\t\t\t\t\t\t\t\t\t\t\t\t\t\t\t\t<a href=\"https:\/\/netrejtveny.hu\/\" target=\"_blank\">\n\t\t\t\t\t\t\t<img loading=\"lazy\" decoding=\"async\" width=\"116\" height=\"116\" src=\"https:\/\/csosch.hu\/wp-content\/uploads\/rejtujsag-icon-small-blue.png\" class=\"attachment-full size-full\" alt=\"\" \/>\t\t\t\t\t\t\t\t<\/a>\n\t\t\t\t\t\t\t\t\t\t\t\t\t\t\t<\/div>\n\t\t\t\t<\/div>\n\t\t\t\t\t<\/div>\n\t\t<\/div>\n\t\t\t\t\t\t\t<\/div>\n\t\t<\/section>\n\t\t\t\t\t\t\t<\/div>\n\t\t","protected":false},"excerpt":{"rendered":"<p>A CSOSCH Lapszerkeszt\u0151 \u00e9s Rejtv\u00e9nyk\u00e9sz\u00edt\u0151 Kft. (Kedvezm\u00e9nyezett) 20751\/36\/00077 sz\u00e1m\u00fa p\u00e1ly\u00e1zati projektje t\u00e1mogat\u00e1sban r\u00e9szes\u00fclt a GINOP_Plusz-3.2.1-21 \u201eA munkav\u00e1llal\u00f3k \u00e9s v\u00e1llalatok alkalmazkod\u00f3k\u00e9pess\u00e9g\u00e9nek \u00e9s termel\u00e9kenys\u00e9g\u00e9nek jav\u00edt\u00e1sa a munkaer\u0151 fejleszt\u00e9s\u00e9n kereszt\u00fcl\u201d elnevez\u00e9s\u0171 munkaer\u0151piaci program keret\u00e9ben az Eur\u00f3pai Szoci\u00e1lis Alap+ \u00e9s Magyarorsz\u00e1g k\u00f6lts\u00e9gvet\u00e9se t\u00e1rsfinansz\u00edroz\u00e1sban, munkaer\u0151piaci alkalmazkod\u00e1s t\u00e1mogat\u00e1s jogc\u00edmen. A szerz\u0151d\u00f6tt t\u00e1mogat\u00e1s \u00f6sszege: 6&nbsp;730&nbsp;260 Ft A projekt keret\u00e9ben az al\u00e1bbi 4 [&hellip;]<\/p>\n","protected":false},"author":1,"featured_media":0,"parent":0,"menu_order":0,"comment_status":"closed","ping_status":"closed","template":"","meta":{"footnotes":""},"class_list":["post-793","page","type-page","status-publish","hentry"],"_links":{"self":[{"href":"https:\/\/csosch.hu\/index.php?rest_route=\/wp\/v2\/pages\/793","targetHints":{"allow":["GET"]}}],"collection":[{"href":"https:\/\/csosch.hu\/index.php?rest_route=\/wp\/v2\/pages"}],"about":[{"href":"https:\/\/csosch.hu\/index.php?rest_route=\/wp\/v2\/types\/page"}],"author":[{"embeddable":true,"href":"https:\/\/csosch.hu\/index.php?rest_route=\/wp\/v2\/users\/1"}],"replies":[{"embeddable":true,"href":"https:\/\/csosch.hu\/index.php?rest_route=%2Fwp%2Fv2%2Fcomments&post=793"}],"version-history":[{"count":43,"href":"https:\/\/csosch.hu\/index.php?rest_route=\/wp\/v2\/pages\/793\/revisions"}],"predecessor-version":[{"id":854,"href":"https:\/\/csosch.hu\/index.php?rest_route=\/wp\/v2\/pages\/793\/revisions\/854"}],"wp:attachment":[{"href":"https:\/\/csosch.hu\/index.php?rest_route=%2Fwp%2Fv2%2Fmedia&parent=793"}],"curies":[{"name":"wp","href":"https:\/\/api.w.org\/{rel}","templated":true}]}}